{"id":304,"date":"2026-03-05T06:11:38","date_gmt":"2026-03-05T06:11:38","guid":{"rendered":"https:\/\/www.balkanmak.com\/?page_id=304"},"modified":"2026-03-05T06:23:57","modified_gmt":"2026-03-05T06:23:57","slug":"hurda-elmas-karbur-alimi","status":"publish","type":"page","link":"https:\/\/www.balkanmak.com\/en\/hurda-elmas-karbur-alimi\/","title":{"rendered":"Hurda Elmas Karb\u00fcr Al\u0131m\u0131"},"content":{"rendered":"<div data-elementor-type=\"wp-page\" data-elementor-id=\"304\" class=\"elementor elementor-304\">\n\t\t\t\t<div class=\"elementor-element elementor-element-913e47c e-flex e-con-boxed e-con e-parent\" data-id=\"913e47c\" data-element_type=\"container\" data-e-type=\"container\" data-settings=\"{&quot;background_background&quot;:&quot;classic&quot;}\">\n\t\t\t\t\t<div class=\"e-con-inner\">\n\t\t\t\t\t<\/div>\n\t\t\t\t<\/div>\n\t\t<div class=\"elementor-element elementor-element-0392050 e-flex e-con-boxed e-con e-parent\" data-id=\"0392050\" data-element_type=\"container\" data-e-type=\"container\">\n\t\t\t\t\t<div class=\"e-con-inner\">\n\t\t\t\t<div class=\"elementor-element elementor-element-f52e4ae elementor-widget elementor-widget-heading\" data-id=\"f52e4ae\" data-element_type=\"widget\" data-e-type=\"widget\" data-widget_type=\"heading.default\">\n\t\t\t\t\t<h2 class=\"elementor-heading-title elementor-size-default\">Hurda Elmas Karb\u00fcr Al\u0131m\u0131<\/h2>\t\t\t\t<\/div>\n\t\t\t\t<div class=\"elementor-element elementor-element-d8db6b2 elementor-widget elementor-widget-text-editor\" data-id=\"d8db6b2\" data-element_type=\"widget\" data-e-type=\"widget\" data-widget_type=\"text-editor.default\">\n\t\t\t\t\t\t\t\t\t<p data-start=\"428\" data-end=\"791\"><strong data-start=\"428\" data-end=\"445\">Balkan Makina<\/strong>, sanayi sekt\u00f6r\u00fcnde kullan\u0131lan <strong data-start=\"476\" data-end=\"568\">elmas karb\u00fcr kesici tak\u0131mlar, tungsten karb\u00fcr u\u00e7lar ve karb\u00fcr tak\u0131m hurdalar\u0131n\u0131n al\u0131m\u0131n\u0131<\/strong> yapan g\u00fcvenilir firmalardan biridir. Firmam\u0131z, piyasada bulunan <strong data-start=\"633\" data-end=\"736\">elmas karb\u00fcr matkap ucu, tungsten freze u\u00e7lar\u0131, CNC torna u\u00e7lar\u0131 ve karb\u00fcr kesici tak\u0131m hurdalar\u0131n\u0131<\/strong> de\u011ferinde sat\u0131n alarak sanayiye geri kazand\u0131rmaktad\u0131r.<\/p><p data-start=\"793\" data-end=\"1047\">Sanayide kullan\u0131lan kesici tak\u0131mlar zamanla a\u015f\u0131n\u0131r ve kullan\u0131lmaz hale gelir. Bu noktada ortaya \u00e7\u0131kan <strong data-start=\"895\" data-end=\"911\">karb\u00fcr hurda<\/strong>, y\u00fcksek de\u011ferli bir geri d\u00f6n\u00fc\u015f\u00fcm malzemesidir. Balkan Makina olarak bu de\u011ferli hurdalar\u0131 <strong data-start=\"1001\" data-end=\"1046\">y\u00fcksek fiyat garantisi ile sat\u0131n al\u0131yoruz<\/strong>.<\/p>\t\t\t\t\t\t\t\t<\/div>\n\t\t\t\t\t<\/div>\n\t\t\t\t<\/div>\n\t\t<div class=\"elementor-element elementor-element-9ffbb58 e-flex e-con-boxed e-con e-parent\" data-id=\"9ffbb58\" data-element_type=\"container\" data-e-type=\"container\">\n\t\t\t\t\t<div class=\"e-con-inner\">\n\t\t<div class=\"elementor-element elementor-element-6bfa009 e-con-full e-flex e-con e-child\" data-id=\"6bfa009\" data-element_type=\"container\" data-e-type=\"container\">\n\t\t\t\t<div class=\"elementor-element elementor-element-42057a3 elementor-widget elementor-widget-image\" data-id=\"42057a3\" data-element_type=\"widget\" data-e-type=\"widget\" data-widget_type=\"image.default\">\n\t\t\t\t\t\t\t\t\t\t\t\t\t\t\t<img fetchpriority=\"high\" decoding=\"async\" width=\"2000\" height=\"1333\" src=\"https:\/\/www.balkanmak.com\/wp-content\/uploads\/2026\/03\/Hurda-elmas_Balkan-makina.jpg\" class=\"attachment-full size-full wp-image-306\" alt=\"\" srcset=\"https:\/\/www.balkanmak.com\/wp-content\/uploads\/2026\/03\/Hurda-elmas_Balkan-makina.jpg 2000w, https:\/\/www.balkanmak.com\/wp-content\/uploads\/2026\/03\/Hurda-elmas_Balkan-makina-300x200.jpg 300w, https:\/\/www.balkanmak.com\/wp-content\/uploads\/2026\/03\/Hurda-elmas_Balkan-makina-1024x682.jpg 1024w, https:\/\/www.balkanmak.com\/wp-content\/uploads\/2026\/03\/Hurda-elmas_Balkan-makina-768x512.jpg 768w, https:\/\/www.balkanmak.com\/wp-content\/uploads\/2026\/03\/Hurda-elmas_Balkan-makina-1536x1024.jpg 1536w, https:\/\/www.balkanmak.com\/wp-content\/uploads\/2026\/03\/Hurda-elmas_Balkan-makina-18x12.jpg 18w\" sizes=\"(max-width: 2000px) 100vw, 2000px\" \/>\t\t\t\t\t\t\t\t\t\t\t\t\t\t\t<\/div>\n\t\t\t\t<\/div>\n\t\t<div class=\"elementor-element elementor-element-4f20c10 e-con-full e-flex e-con e-child\" data-id=\"4f20c10\" data-element_type=\"container\" data-e-type=\"container\">\n\t\t\t\t<div class=\"elementor-element elementor-element-d0e0b73 elementor-widget elementor-widget-heading\" data-id=\"d0e0b73\" data-element_type=\"widget\" data-e-type=\"widget\" data-widget_type=\"heading.default\">\n\t\t\t\t\t<h2 class=\"elementor-heading-title elementor-size-default\">Sat\u0131n Ald\u0131\u011f\u0131m\u0131z Hurda Karb\u00fcr \u00dcr\u00fcnleri<\/h2>\t\t\t\t<\/div>\n\t\t\t\t<div class=\"elementor-element elementor-element-619cad6 elementor-widget elementor-widget-text-editor\" data-id=\"619cad6\" data-element_type=\"widget\" data-e-type=\"widget\" data-widget_type=\"text-editor.default\">\n\t\t\t\t\t\t\t\t\t<p data-start=\"1096\" data-end=\"1177\">Balkan Makina olarak a\u015fa\u011f\u0131daki <strong data-start=\"1127\" data-end=\"1161\">karb\u00fcr ve elmas u\u00e7 hurdalar\u0131n\u0131<\/strong> sat\u0131n al\u0131yoruz:<\/p><ul data-start=\"1179\" data-end=\"1450\"><li data-start=\"1179\" data-end=\"1214\"><p data-start=\"1181\" data-end=\"1214\">Elmas Karb\u00fcr Matkap Ucu Hurdas\u0131<\/p><\/li><li data-start=\"1215\" data-end=\"1244\"><p data-start=\"1217\" data-end=\"1244\">Tungsten Karb\u00fcr Freze Ucu<\/p><\/li><li data-start=\"1245\" data-end=\"1269\"><p data-start=\"1247\" data-end=\"1269\">Karb\u00fcr CNC Torna Ucu<\/p><\/li><li data-start=\"1270\" data-end=\"1296\"><p data-start=\"1272\" data-end=\"1296\">Karb\u00fcr Kesici Tak\u0131mlar<\/p><\/li><li data-start=\"1297\" data-end=\"1325\"><p data-start=\"1299\" data-end=\"1325\">Karb\u00fcr Kal\u0131p\u00e7\u0131 Freze Ucu<\/p><\/li><li data-start=\"1326\" data-end=\"1352\"><p data-start=\"1328\" data-end=\"1352\">Ta\u015f D\u00fczeltme Elmaslar\u0131<\/p><\/li><li data-start=\"1353\" data-end=\"1382\"><p data-start=\"1355\" data-end=\"1382\">Karot ve Sondaj Elmaslar\u0131<\/p><\/li><li data-start=\"1383\" data-end=\"1411\"><p data-start=\"1385\" data-end=\"1411\">Tungsten Karb\u00fcr Plakalar<\/p><\/li><li data-start=\"1412\" data-end=\"1450\"><p data-start=\"1414\" data-end=\"1450\">End\u00fcstriyel Kesici Tak\u0131m Hurdalar\u0131<\/p><\/li><\/ul><p data-start=\"1452\" data-end=\"1583\">Sanayi sekt\u00f6r\u00fcnde kullan\u0131lan <strong data-start=\"1481\" data-end=\"1543\">her \u00e7e\u015fit karb\u00fcr ve tungsten i\u00e7erikli kesici tak\u0131m hurdas\u0131<\/strong> firmam\u0131z taraf\u0131ndan sat\u0131n al\u0131nmaktad\u0131r.<\/p>\t\t\t\t\t\t\t\t<\/div>\n\t\t\t\t<\/div>\n\t\t\t\t\t<\/div>\n\t\t\t\t<\/div>\n\t\t<div class=\"elementor-element elementor-element-4410738 e-flex e-con-boxed e-con e-parent\" data-id=\"4410738\" data-element_type=\"container\" data-e-type=\"container\">\n\t\t\t\t\t<div class=\"e-con-inner\">\n\t\t\t\t<div class=\"elementor-element elementor-element-be8b4f7 elementor-widget elementor-widget-text-editor\" data-id=\"be8b4f7\" data-element_type=\"widget\" data-e-type=\"widget\" data-widget_type=\"text-editor.default\">\n\t\t\t\t\t\t\t\t\t<h2 data-start=\"1590\" data-end=\"1618\">Elmas Karb\u00fcr Hurda Nedir?<\/h2><p data-start=\"1620\" data-end=\"1767\"><strong data-start=\"1620\" data-end=\"1655\">Elmas karb\u00fcr ve tungsten karb\u00fcr<\/strong>, sanayide y\u00fcksek sertlik ve dayan\u0131kl\u0131l\u0131k gerektiren kesme i\u015flemlerinde kullan\u0131lan \u00f6zel ala\u015f\u0131mlard\u0131r. \u00d6zellikle;<\/p><ul data-start=\"1769\" data-end=\"1873\"><li data-start=\"1769\" data-end=\"1787\"><p data-start=\"1771\" data-end=\"1787\">CNC tezgahlar\u0131<\/p><\/li><li data-start=\"1788\" data-end=\"1808\"><p data-start=\"1790\" data-end=\"1808\">Torna makineleri<\/p><\/li><li data-start=\"1809\" data-end=\"1829\"><p data-start=\"1811\" data-end=\"1829\">Freze makineleri<\/p><\/li><li data-start=\"1830\" data-end=\"1851\"><p data-start=\"1832\" data-end=\"1851\">Matkap tezgahlar\u0131<\/p><\/li><li data-start=\"1852\" data-end=\"1873\"><p data-start=\"1854\" data-end=\"1873\">Sondaj makineleri<\/p><\/li><\/ul><p data-start=\"1875\" data-end=\"1932\">gibi \u00fcretim makinelerinde yayg\u0131n olarak kullan\u0131lmaktad\u0131r.<\/p><p data-start=\"1934\" data-end=\"2118\">Bu u\u00e7lar zamanla a\u015f\u0131nd\u0131\u011f\u0131nda <strong data-start=\"1963\" data-end=\"1979\">karb\u00fcr hurda<\/strong> haline gelir ve geri d\u00f6n\u00fc\u015f\u00fcm i\u00e7in de\u011ferli bir ham madde olu\u015fturur. Balkan Makina bu hurdalar\u0131 <strong data-start=\"2074\" data-end=\"2117\">geri d\u00f6n\u00fc\u015f\u00fcm sekt\u00f6r\u00fcne kazand\u0131rmaktad\u0131r<\/strong>.<\/p><h2 data-start=\"2600\" data-end=\"2630\">Yerinden Hurda Karb\u00fcr Al\u0131m\u0131<\/h2><p data-start=\"2632\" data-end=\"2726\">Balkan Makina olarak y\u00fcksek miktardaki <strong data-start=\"2671\" data-end=\"2707\">karb\u00fcr hurdalar\u0131n\u0131 yerinden al\u0131m<\/strong> hizmeti sunuyoruz.<\/p><p data-start=\"2728\" data-end=\"2743\">Avantajlar\u0131m\u0131z:<\/p><p data-start=\"2745\" data-end=\"2846\">\u2714 Yerinde tespit<br data-start=\"2761\" data-end=\"2764\" \/>\u2714 G\u00fcncel piyasa fiyat\u0131<br data-start=\"2786\" data-end=\"2789\" \/>\u2714 Pe\u015fin \u00f6deme<br data-start=\"2802\" data-end=\"2805\" \/>\u2714 H\u0131zl\u0131 al\u0131m s\u00fcreci<br data-start=\"2824\" data-end=\"2827\" \/>\u2714 G\u00fcvenilir ticaret<\/p><p data-start=\"2848\" data-end=\"2981\">Elinizde bulunan <strong data-start=\"2865\" data-end=\"2942\">elmas karb\u00fcr matkap ucu hurdas\u0131, tungsten freze ucu veya CNC torna u\u00e7lar\u0131<\/strong> i\u00e7in bizimle ileti\u015fime ge\u00e7ebilirsiniz.<\/p><h2 data-start=\"2988\" data-end=\"3013\">Karb\u00fcr Hurda Fiyatlar\u0131<\/h2><p data-start=\"3015\" data-end=\"3197\"><strong data-start=\"3015\" data-end=\"3041\">Karb\u00fcr hurda fiyatlar\u0131<\/strong>, \u00fcr\u00fcn\u00fcn i\u00e7eri\u011findeki tungsten oran\u0131na ve hurdan\u0131n t\u00fcr\u00fcne g\u00f6re de\u011fi\u015fmektedir. Balkan Makina olarak piyasadaki en g\u00fcncel fiyatlar \u00fczerinden al\u0131m yapmaktay\u0131z.<\/p><p data-start=\"3199\" data-end=\"3311\">Elinizde bulunan <strong data-start=\"3216\" data-end=\"3252\">karb\u00fcr hurda t\u00fcr\u00fcn\u00fc ve miktar\u0131n\u0131<\/strong> iletti\u011finizde size <strong data-start=\"3272\" data-end=\"3300\">en do\u011fru fiyat teklifini<\/strong> sunuyoruz.<\/p><h2 data-start=\"3318\" data-end=\"3360\">Balkan Makina ile G\u00fcvenilir Hurda Al\u0131m\u0131<\/h2><p data-start=\"3362\" data-end=\"3535\">Balkan Makina, sanayi sekt\u00f6r\u00fcnde olu\u015fan <strong data-start=\"3402\" data-end=\"3436\">karb\u00fcr ve elmas u\u00e7 hurdalar\u0131n\u0131<\/strong> de\u011ferinde sat\u0131n alarak hem firmalara kazan\u00e7 sa\u011flamakta hem de geri d\u00f6n\u00fc\u015f\u00fcme katk\u0131da bulunmaktad\u0131r.<\/p><p data-start=\"3537\" data-end=\"3554\">Elinizde bulunan:<\/p><ul data-start=\"3556\" data-end=\"3681\"><li data-start=\"3556\" data-end=\"3580\"><p data-start=\"3558\" data-end=\"3580\">Karb\u00fcr matkap u\u00e7lar\u0131<\/p><\/li><li data-start=\"3581\" data-end=\"3609\"><p data-start=\"3583\" data-end=\"3609\">Tungsten kesici tak\u0131mlar<\/p><\/li><li data-start=\"3610\" data-end=\"3630\"><p data-start=\"3612\" data-end=\"3630\">CNC torna u\u00e7lar\u0131<\/p><\/li><li data-start=\"3631\" data-end=\"3647\"><p data-start=\"3633\" data-end=\"3647\">Freze u\u00e7lar\u0131<\/p><\/li><li data-start=\"3648\" data-end=\"3681\"><p data-start=\"3650\" data-end=\"3681\">Karb\u00fcr kesici tak\u0131m hurdalar\u0131<\/p><\/li><\/ul><p data-start=\"3683\" data-end=\"3769\">i\u00e7in bizimle ileti\u015fime ge\u00e7ebilir, <strong data-start=\"3717\" data-end=\"3769\">en iyi fiyat garantisi ile sat\u0131\u015f yapabilirsiniz.<\/strong><\/p><p data-start=\"3683\" data-end=\"3769\">\ud83d\udcde<a href=\"https:\/\/www.balkanmak.com\/en\/iletisim\/\"> <strong data-start=\"3779\" data-end=\"3861\">Balkan Makina ile ileti\u015fime ge\u00e7erek karb\u00fcr hurdan\u0131z\u0131 de\u011ferinde satabilirsiniz.<\/strong><\/a><\/p>\t\t\t\t\t\t\t\t<\/div>\n\t\t\t\t\t<\/div>\n\t\t\t\t<\/div>\n\t\t\t\t<\/div>","protected":false},"excerpt":{"rendered":"<p>Hurda Elmas Karb\u00fcr Al\u0131m\u0131 Balkan Makina, sanayi sekt\u00f6r\u00fcnde kullan\u0131lan elmas karb\u00fcr kesici tak\u0131mlar, tungsten karb\u00fcr u\u00e7lar ve karb\u00fcr tak\u0131m hurdalar\u0131n\u0131n al\u0131m\u0131n\u0131 yapan g\u00fcvenilir firmalardan biridir. Firmam\u0131z, piyasada bulunan elmas karb\u00fcr matkap ucu, tungsten freze u\u00e7lar\u0131, CNC torna u\u00e7lar\u0131 ve karb\u00fcr kesici tak\u0131m hurdalar\u0131n\u0131 de\u011ferinde sat\u0131n alarak sanayiye geri kazand\u0131rmaktad\u0131r. Sanayide kullan\u0131lan kesici tak\u0131mlar zamanla a\u015f\u0131n\u0131r&#8230;<\/p>","protected":false},"author":1,"featured_media":0,"parent":0,"menu_order":0,"comment_status":"closed","ping_status":"closed","template":"","meta":{"_kad_post_transparent":"default","_kad_post_title":"hide","_kad_post_layout":"fullwidth","_kad_post_sidebar_id":"","_kad_post_content_style":"unboxed","_kad_post_vertical_padding":"hide","_kad_post_feature":"hide","_kad_post_feature_position":"","_kad_post_header":false,"_kad_post_footer":false,"_kad_post_classname":"","footnotes":""},"class_list":["post-304","page","type-page","status-publish","hentry"],"_links":{"self":[{"href":"https:\/\/www.balkanmak.com\/en\/wp-json\/wp\/v2\/pages\/304","targetHints":{"allow":["GET"]}}],"collection":[{"href":"https:\/\/www.balkanmak.com\/en\/wp-json\/wp\/v2\/pages"}],"about":[{"href":"https:\/\/www.balkanmak.com\/en\/wp-json\/wp\/v2\/types\/page"}],"author":[{"embeddable":true,"href":"https:\/\/www.balkanmak.com\/en\/wp-json\/wp\/v2\/users\/1"}],"replies":[{"embeddable":true,"href":"https:\/\/www.balkanmak.com\/en\/wp-json\/wp\/v2\/comments?post=304"}],"version-history":[{"count":16,"href":"https:\/\/www.balkanmak.com\/en\/wp-json\/wp\/v2\/pages\/304\/revisions"}],"predecessor-version":[{"id":321,"href":"https:\/\/www.balkanmak.com\/en\/wp-json\/wp\/v2\/pages\/304\/revisions\/321"}],"wp:attachment":[{"href":"https:\/\/www.balkanmak.com\/en\/wp-json\/wp\/v2\/media?parent=304"}],"curies":[{"name":"wp","href":"https:\/\/api.w.org\/{rel}","templated":true}]}}