{"id":272,"date":"2025-10-24T17:27:57","date_gmt":"2025-10-24T17:27:57","guid":{"rendered":"https:\/\/www.balkanmak.com\/?page_id=272"},"modified":"2025-10-24T19:01:20","modified_gmt":"2025-10-24T19:01:20","slug":"blog","status":"publish","type":"page","link":"https:\/\/www.balkanmak.com\/en\/blog\/","title":{"rendered":"Blog"},"content":{"rendered":"<div data-elementor-type=\"wp-page\" data-elementor-id=\"272\" class=\"elementor elementor-272\">\n\t\t\t\t<div class=\"elementor-element elementor-element-913e47c e-flex e-con-boxed e-con e-parent\" data-id=\"913e47c\" data-element_type=\"container\" data-e-type=\"container\" data-settings=\"{&quot;background_background&quot;:&quot;classic&quot;}\">\n\t\t\t\t\t<div class=\"e-con-inner\">\n\t\t\t\t\t<\/div>\n\t\t\t\t<\/div>\n\t\t<div class=\"elementor-element elementor-element-558d455 e-flex e-con-boxed e-con e-parent\" data-id=\"558d455\" data-element_type=\"container\" data-e-type=\"container\">\n\t\t\t\t\t<div class=\"e-con-inner\">\n\t\t\t\t<div class=\"elementor-element elementor-element-c17eb1c elementor-widget elementor-widget-htmega-postgrid-addons\" data-id=\"c17eb1c\" data-element_type=\"widget\" data-e-type=\"widget\" data-settings=\"{&quot;grid_post_type&quot;:&quot;post&quot;}\" data-widget_type=\"htmega-postgrid-addons.default\">\n\t\t\t\t<div class=\"elementor-widget-container\">\n\t\t\t\t\t            \n        <div class=\"htmega-post-grid-area htmega-post-grid-layout-4\">\n            <div class=\"htb-col\">\n                <div class=\"row--10 htb-row\">\n                    \n                                                    <div class=\"htb-col-lg-4 htb-col-sm-6 htb-col-12\">\n                                <div class=\"ht-post black-overlay mt--30\">\n                                        <div class=\"thumb\">\n                                            <a href=\"https:\/\/www.balkanmak.com\/en\/kalip-sanayi-yuksek-hassasiyetli-uretimin-temel-tasi\/\">\n                                                <img fetchpriority=\"high\" decoding=\"async\" width=\"2084\" height=\"1250\" src=\"https:\/\/www.balkanmak.com\/wp-content\/uploads\/2025\/10\/Kalip-sanayi-01.jpg\" class=\"attachment-full size-full wp-post-image\" alt=\"\" srcset=\"https:\/\/www.balkanmak.com\/wp-content\/uploads\/2025\/10\/Kalip-sanayi-01.jpg 2084w, https:\/\/www.balkanmak.com\/wp-content\/uploads\/2025\/10\/Kalip-sanayi-01-300x180.jpg 300w, https:\/\/www.balkanmak.com\/wp-content\/uploads\/2025\/10\/Kalip-sanayi-01-1024x614.jpg 1024w, https:\/\/www.balkanmak.com\/wp-content\/uploads\/2025\/10\/Kalip-sanayi-01-768x461.jpg 768w, https:\/\/www.balkanmak.com\/wp-content\/uploads\/2025\/10\/Kalip-sanayi-01-1536x921.jpg 1536w, https:\/\/www.balkanmak.com\/wp-content\/uploads\/2025\/10\/Kalip-sanayi-01-2048x1228.jpg 2048w, https:\/\/www.balkanmak.com\/wp-content\/uploads\/2025\/10\/Kalip-sanayi-01-18x12.jpg 18w\" sizes=\"(max-width: 2084px) 100vw, 2084px\" \/>                                            <\/a>\n                                        <\/div>\n                                                                                            <a href=\"https:\/\/www.balkanmak.com\/en\/category\/balkan-makina\/\" class=\"category post-category post-position-top-left balkan-makina\">Balkan Makina<\/a>\n                                                                                            <div class=\"post-content\">\n                                            <div class=\"content\">\n                                                <h4 class=\"htmega-post-g-title\"><a href='https:\/\/www.balkanmak.com\/en\/kalip-sanayi-yuksek-hassasiyetli-uretimin-temel-tasi\/'>Kal\u0131p Sanayi: Y\u00fcksek Hassasiyetli \u00dcretimin<\/a><\/h4>                                                    <div class=\"meta\">\n                                                        <span class=\"meta-item date\"><i class=\"fa fa-clock-o\"><\/i>  \n                                                            24 October 2025                                                        <\/span>\n                                                    <\/div>\n                                                                                                                                            <\/div>\n                                        <\/div>\n                                                                        <\/div>\n                            <\/div>\n\n                        \n                        \n                                                    <div class=\"htb-col-lg-4 htb-col-sm-6 htb-col-12\">\n                                <div class=\"ht-post black-overlay mt--30\">\n                                        <div class=\"thumb\">\n                                            <a href=\"https:\/\/www.balkanmak.com\/en\/otomasyon-grubu-endustriyel-otomasyonda-yedek-parca-uretiminin-onemi\/\">\n                                                <img decoding=\"async\" width=\"2084\" height=\"1250\" src=\"https:\/\/www.balkanmak.com\/wp-content\/uploads\/2025\/10\/otomasyon-01.jpg\" class=\"attachment-full size-full wp-post-image\" alt=\"\" srcset=\"https:\/\/www.balkanmak.com\/wp-content\/uploads\/2025\/10\/otomasyon-01.jpg 2084w, https:\/\/www.balkanmak.com\/wp-content\/uploads\/2025\/10\/otomasyon-01-300x180.jpg 300w, https:\/\/www.balkanmak.com\/wp-content\/uploads\/2025\/10\/otomasyon-01-1024x614.jpg 1024w, https:\/\/www.balkanmak.com\/wp-content\/uploads\/2025\/10\/otomasyon-01-768x461.jpg 768w, https:\/\/www.balkanmak.com\/wp-content\/uploads\/2025\/10\/otomasyon-01-1536x921.jpg 1536w, https:\/\/www.balkanmak.com\/wp-content\/uploads\/2025\/10\/otomasyon-01-2048x1228.jpg 2048w, https:\/\/www.balkanmak.com\/wp-content\/uploads\/2025\/10\/otomasyon-01-18x12.jpg 18w\" sizes=\"(max-width: 2084px) 100vw, 2084px\" \/>                                            <\/a>\n                                        <\/div>\n                                                                                            <a href=\"https:\/\/www.balkanmak.com\/en\/category\/balkan-makina\/\" class=\"category post-category post-position-top-left balkan-makina\">Balkan Makina<\/a>\n                                                                                            <div class=\"post-content\">\n                                            <div class=\"content\">\n                                                <h4 class=\"htmega-post-g-title\"><a href='https:\/\/www.balkanmak.com\/en\/otomasyon-grubu-endustriyel-otomasyonda-yedek-parca-uretiminin-onemi\/'>Otomasyon Grubu: End\u00fcstriyel Otomasyonda Yedek<\/a><\/h4>                                                    <div class=\"meta\">\n                                                        <span class=\"meta-item date\"><i class=\"fa fa-clock-o\"><\/i>  \n                                                            24 October 2025                                                        <\/span>\n                                                    <\/div>\n                                                                                                                                            <\/div>\n                                        <\/div>\n                                                                        <\/div>\n                            <\/div>\n\n                        \n                                        <\/div>\n            <\/div>\n        <\/div>\n\n        \t\t\t\t<\/div>\n\t\t\t\t<\/div>\n\t\t\t\t\t<\/div>\n\t\t\t\t<\/div>\n\t\t\t\t<\/div>","protected":false},"excerpt":{"rendered":"<p>Balkan Makina Kal\u0131p Sanayi: Y\u00fcksek Hassasiyetli \u00dcretimin 24 Ekim 2025 Balkan Makina Otomasyon Grubu: End\u00fcstriyel Otomasyonda Yedek 24 Ekim 2025<\/p>","protected":false},"author":1,"featured_media":0,"parent":0,"menu_order":0,"comment_status":"closed","ping_status":"closed","template":"","meta":{"_kad_post_transparent":"default","_kad_post_title":"hide","_kad_post_layout":"fullwidth","_kad_post_sidebar_id":"","_kad_post_content_style":"unboxed","_kad_post_vertical_padding":"hide","_kad_post_feature":"hide","_kad_post_feature_position":"","_kad_post_header":false,"_kad_post_footer":false,"_kad_post_classname":"","footnotes":""},"class_list":["post-272","page","type-page","status-publish","hentry"],"_links":{"self":[{"href":"https:\/\/www.balkanmak.com\/en\/wp-json\/wp\/v2\/pages\/272","targetHints":{"allow":["GET"]}}],"collection":[{"href":"https:\/\/www.balkanmak.com\/en\/wp-json\/wp\/v2\/pages"}],"about":[{"href":"https:\/\/www.balkanmak.com\/en\/wp-json\/wp\/v2\/types\/page"}],"author":[{"embeddable":true,"href":"https:\/\/www.balkanmak.com\/en\/wp-json\/wp\/v2\/users\/1"}],"replies":[{"embeddable":true,"href":"https:\/\/www.balkanmak.com\/en\/wp-json\/wp\/v2\/comments?post=272"}],"version-history":[{"count":14,"href":"https:\/\/www.balkanmak.com\/en\/wp-json\/wp\/v2\/pages\/272\/revisions"}],"predecessor-version":[{"id":297,"href":"https:\/\/www.balkanmak.com\/en\/wp-json\/wp\/v2\/pages\/272\/revisions\/297"}],"wp:attachment":[{"href":"https:\/\/www.balkanmak.com\/en\/wp-json\/wp\/v2\/media?parent=272"}],"curies":[{"name":"wp","href":"https:\/\/api.w.org\/{rel}","templated":true}]}}