{"id":183,"date":"2025-10-24T15:11:56","date_gmt":"2025-10-24T15:11:56","guid":{"rendered":"https:\/\/www.balkanmak.com\/?page_id=183"},"modified":"2025-10-24T15:30:05","modified_gmt":"2025-10-24T15:30:05","slug":"kirici-uclar","status":"publish","type":"page","link":"https:\/\/www.balkanmak.com\/en\/kirici-uclar\/","title":{"rendered":"Breaker Bits"},"content":{"rendered":"<div data-elementor-type=\"wp-page\" data-elementor-id=\"183\" class=\"elementor elementor-183\">\n\t\t\t\t<div class=\"elementor-element elementor-element-913e47c e-flex e-con-boxed e-con e-parent\" data-id=\"913e47c\" data-element_type=\"container\" data-e-type=\"container\" data-settings=\"{&quot;background_background&quot;:&quot;classic&quot;}\">\n\t\t\t\t\t<div class=\"e-con-inner\">\n\t\t\t\t\t<\/div>\n\t\t\t\t<\/div>\n\t\t<div class=\"elementor-element elementor-element-bfe2bcb e-flex e-con-boxed e-con e-parent\" data-id=\"bfe2bcb\" data-element_type=\"container\" data-e-type=\"container\">\n\t\t\t\t\t<div class=\"e-con-inner\">\n\t\t\t\t<div class=\"elementor-element elementor-element-f52e4ae elementor-widget elementor-widget-heading\" data-id=\"f52e4ae\" data-element_type=\"widget\" data-e-type=\"widget\" data-widget_type=\"heading.default\">\n\t\t\t\t\t<h2 class=\"elementor-heading-title elementor-size-default\">Breaker Bits<\/h2>\t\t\t\t<\/div>\n\t\t\t\t<div class=\"elementor-element elementor-element-20e1c1e elementor-widget elementor-widget-text-editor\" data-id=\"20e1c1e\" data-element_type=\"widget\" data-e-type=\"widget\" data-widget_type=\"text-editor.default\">\n\t\t\t\t\t\t\t\t\t<h3 data-start=\"64\" data-end=\"126\">Breaker Bits \u2013 The Right Choice for Durability and Efficiency<\/h3><p data-start=\"128\" data-end=\"442\" class=\"translation-block\"><strong data-start=\"193\" data-end=\"209\">Breaking bits<\/strong>, used in demanding environments like construction, mining, and road construction, are among the most important spare parts that directly affect the performance of construction equipment. These bits, which operate with high impact power on concrete, asphalt, rock, and hard surfaces, are manufactured from durable steel material, ensuring long-lasting use.<\/p><p data-start=\"444\" data-end=\"475\"><strong data-start=\"444\" data-end=\"475\">Advantages of crusher bits:<\/strong><\/p><ul data-start=\"476\" data-end=\"723\"><li data-start=\"476\" data-end=\"532\"><p data-start=\"478\" data-end=\"532\">High impact resistance and shatter resistance<\/p><\/li><li data-start=\"533\" data-end=\"616\"><p data-start=\"535\" data-end=\"616\">Variety suitable for different surfaces and applications (fine tip, broad tip, chisel tip, etc.)<\/p><\/li><li data-start=\"617\" data-end=\"675\"><p data-start=\"619\" data-end=\"675\">Savings in maintenance costs with long-lasting use<\/p><\/li><li data-start=\"676\" data-end=\"723\"><p data-start=\"678\" data-end=\"723\">Compatible design that improves machine performance<\/p><\/li><\/ul><p data-start=\"725\" data-end=\"941\" class=\"translation-block\">Choosing the right breaker bit increases work efficiency and extends the life of your machine. <strong>Balkan Makina<\/strong> offers breaker bits compatible with different brands and models, offering reliable quality and fast delivery.<\/p>\t\t\t\t\t\t\t\t<\/div>\n\t\t\t\t\t<\/div>\n\t\t\t\t<\/div>\n\t\t<div class=\"elementor-element elementor-element-4fb3ffe e-flex e-con-boxed e-con e-parent\" data-id=\"4fb3ffe\" data-element_type=\"container\" data-e-type=\"container\">\n\t\t\t\t\t<div class=\"e-con-inner\">\n\t\t<div class=\"elementor-element elementor-element-e722971 e-con-full e-flex e-con e-child\" data-id=\"e722971\" data-element_type=\"container\" data-e-type=\"container\">\n\t\t\t\t<div class=\"elementor-element elementor-element-1ad73cf elementor-widget elementor-widget-shortcode\" data-id=\"1ad73cf\" data-element_type=\"widget\" data-e-type=\"widget\" data-widget_type=\"shortcode.default\">\n\t\t\t\t\t\t\t<div class=\"elementor-shortcode\"><div id=\"envira-gallery-wrap-185\" class=\"envira-gallery-wrap envira-gallery-theme-base envira-lightbox-theme-base\" itemscope itemtype=\"https:\/\/schema.org\/ImageGallery\"><div data-row-height=\"\" data-gallery-theme=\"\" id=\"envira-gallery-185\" class=\"envira-gallery-public  envira-gallery-3-columns envira-clear enviratope envira-gallery-css-animations\" data-envira-columns=\"3\"><div id=\"envira-gallery-item-186\" class=\"envira-gallery-item enviratope-item envira-gallery-item-1 envira-lazy-load\" style=\"padding-left: 5px; padding-bottom: 10px; padding-right: 5px;\"  itemscope itemtype=\"https:\/\/schema.org\/ImageObject\"><div class=\"envira-gallery-item-inner\"><div class=\"envira-gallery-position-overlay  envira-gallery-top-left\"><\/div><div class=\"envira-gallery-position-overlay  envira-gallery-top-right\"><\/div><div class=\"envira-gallery-position-overlay  envira-gallery-bottom-left\"><\/div><div class=\"envira-gallery-position-overlay  envira-gallery-bottom-right\"><\/div><a href=\"https:\/\/www.balkanmak.com\/wp-content\/uploads\/2025\/10\/49896377_229512147976535_1708976656833576960_n.jpg\" class=\"envira-gallery-185 envira-gallery-link\" rel=\"enviragallery185\" title=\"49896377_229512147976535_1708976656833576960_n\" data-envira-caption=\"49896377_229512147976535_1708976656833576960_n\" data-envira-retina=\"\" data-thumbnail=\"\"  itemprop=\"contentUrl\"><div class=\"envira-lazy\" data-test-width=\"150\" data-test-height=\"300\" style=\"padding-bottom:200%;\"><img decoding=\"async\" id=\"envira-gallery-image-186\" class=\"envira-gallery-image envira-gallery-image-1\" data-envira-index=\"1\" src=\"https:\/\/www.balkanmak.com\/wp-content\/uploads\/2025\/10\/49896377_229512147976535_1708976656833576960_n.jpg\" data-envira-src=\"https:\/\/www.balkanmak.com\/wp-content\/uploads\/2025\/10\/49896377_229512147976535_1708976656833576960_n.jpg\" data-envira-gallery-id=\"185\" data-envira-item-id=\"186\" data-envira-caption=\"49896377_229512147976535_1708976656833576960_n\" alt=\"\" title=\"49896377_229512147976535_1708976656833576960_n\"  itemprop=\"thumbnailUrl\" data-envira-srcset=\"https:\/\/www.balkanmak.com\/wp-content\/uploads\/2025\/10\/49896377_229512147976535_1708976656833576960_n.jpg 400w,https:\/\/www.balkanmak.com\/wp-content\/uploads\/2025\/10\/49896377_229512147976535_1708976656833576960_n.jpg 2x\" srcset=\"data:image\/gif;base64,R0lGODlhAQABAIAAAP\/\/\/\/\/\/\/yH5BAEKAAEALAAAAAABAAEAAAICTAEAOw==\" \/><\/div><\/a><\/div><\/div><div id=\"envira-gallery-item-187\" class=\"envira-gallery-item enviratope-item envira-gallery-item-2 envira-lazy-load\" style=\"padding-left: 5px; padding-bottom: 10px; padding-right: 5px;\"  itemscope itemtype=\"https:\/\/schema.org\/ImageObject\"><div class=\"envira-gallery-item-inner\"><div class=\"envira-gallery-position-overlay  envira-gallery-top-left\"><\/div><div class=\"envira-gallery-position-overlay  envira-gallery-top-right\"><\/div><div class=\"envira-gallery-position-overlay  envira-gallery-bottom-left\"><\/div><div class=\"envira-gallery-position-overlay  envira-gallery-bottom-right\"><\/div><a href=\"https:\/\/www.balkanmak.com\/wp-content\/uploads\/2025\/10\/471162588_1675501493377586_2715634294929292273_n.jpg\" class=\"envira-gallery-185 envira-gallery-link\" rel=\"enviragallery185\" title=\"471162588_1675501493377586_2715634294929292273_n\" data-envira-caption=\"471162588_1675501493377586_2715634294929292273_n\" data-envira-retina=\"\" data-thumbnail=\"\"  itemprop=\"contentUrl\"><div class=\"envira-lazy\" data-test-width=\"169\" data-test-height=\"300\" style=\"padding-bottom:177.51479289941%;\"><img decoding=\"async\" id=\"envira-gallery-image-187\" class=\"envira-gallery-image envira-gallery-image-2\" data-envira-index=\"2\" src=\"https:\/\/www.balkanmak.com\/wp-content\/uploads\/2025\/10\/471162588_1675501493377586_2715634294929292273_n.jpg\" data-envira-src=\"https:\/\/www.balkanmak.com\/wp-content\/uploads\/2025\/10\/471162588_1675501493377586_2715634294929292273_n.jpg\" data-envira-gallery-id=\"185\" data-envira-item-id=\"187\" data-envira-caption=\"471162588_1675501493377586_2715634294929292273_n\" alt=\"\" title=\"471162588_1675501493377586_2715634294929292273_n\"  itemprop=\"thumbnailUrl\" data-envira-srcset=\"https:\/\/www.balkanmak.com\/wp-content\/uploads\/2025\/10\/471162588_1675501493377586_2715634294929292273_n.jpg 400w,https:\/\/www.balkanmak.com\/wp-content\/uploads\/2025\/10\/471162588_1675501493377586_2715634294929292273_n.jpg 2x\" srcset=\"data:image\/gif;base64,R0lGODlhAQABAIAAAP\/\/\/\/\/\/\/yH5BAEKAAEALAAAAAABAAEAAAICTAEAOw==\" \/><\/div><\/a><\/div><\/div><div id=\"envira-gallery-item-188\" class=\"envira-gallery-item enviratope-item envira-gallery-item-3 envira-lazy-load\" style=\"padding-left: 5px; padding-bottom: 10px; padding-right: 5px;\"  itemscope itemtype=\"https:\/\/schema.org\/ImageObject\"><div class=\"envira-gallery-item-inner\"><div class=\"envira-gallery-position-overlay  envira-gallery-top-left\"><\/div><div class=\"envira-gallery-position-overlay  envira-gallery-top-right\"><\/div><div class=\"envira-gallery-position-overlay  envira-gallery-bottom-left\"><\/div><div class=\"envira-gallery-position-overlay  envira-gallery-bottom-right\"><\/div><a href=\"https:\/\/www.balkanmak.com\/wp-content\/uploads\/2025\/10\/IMG-20250912-WA0011.jpg\" class=\"envira-gallery-185 envira-gallery-link\" rel=\"enviragallery185\" title=\"IMG-20250912-WA0011\" data-envira-caption=\"IMG-20250912-WA0011\" data-envira-retina=\"\" data-thumbnail=\"\"  itemprop=\"contentUrl\"><div class=\"envira-lazy\" data-test-width=\"225\" data-test-height=\"300\" style=\"padding-bottom:133.33333333333%;\"><img decoding=\"async\" id=\"envira-gallery-image-188\" class=\"envira-gallery-image envira-gallery-image-3\" data-envira-index=\"3\" src=\"https:\/\/www.balkanmak.com\/wp-content\/uploads\/2025\/10\/IMG-20250912-WA0011.jpg\" data-envira-src=\"https:\/\/www.balkanmak.com\/wp-content\/uploads\/2025\/10\/IMG-20250912-WA0011.jpg\" data-envira-gallery-id=\"185\" data-envira-item-id=\"188\" data-envira-caption=\"IMG-20250912-WA0011\" alt=\"\" title=\"IMG-20250912-WA0011\"  itemprop=\"thumbnailUrl\" data-envira-srcset=\"https:\/\/www.balkanmak.com\/wp-content\/uploads\/2025\/10\/IMG-20250912-WA0011.jpg 400w,https:\/\/www.balkanmak.com\/wp-content\/uploads\/2025\/10\/IMG-20250912-WA0011.jpg 2x\" srcset=\"data:image\/gif;base64,R0lGODlhAQABAIAAAP\/\/\/\/\/\/\/yH5BAEKAAEALAAAAAABAAEAAAICTAEAOw==\" \/><\/div><\/a><\/div><\/div><div id=\"envira-gallery-item-189\" class=\"envira-gallery-item enviratope-item envira-gallery-item-4 envira-lazy-load\" style=\"padding-left: 5px; padding-bottom: 10px; padding-right: 5px;\"  itemscope itemtype=\"https:\/\/schema.org\/ImageObject\"><div class=\"envira-gallery-item-inner\"><div class=\"envira-gallery-position-overlay  envira-gallery-top-left\"><\/div><div class=\"envira-gallery-position-overlay  envira-gallery-top-right\"><\/div><div class=\"envira-gallery-position-overlay  envira-gallery-bottom-left\"><\/div><div class=\"envira-gallery-position-overlay  envira-gallery-bottom-right\"><\/div><a href=\"https:\/\/www.balkanmak.com\/wp-content\/uploads\/2025\/10\/uclar_grup-1.jpg\" class=\"envira-gallery-185 envira-gallery-link\" rel=\"enviragallery185\" title=\"uclar_grup (1)\" data-envira-caption=\"uclar_grup (1)\" data-envira-retina=\"\" data-thumbnail=\"\"  itemprop=\"contentUrl\"><div class=\"envira-lazy\" data-test-width=\"300\" data-test-height=\"257\" style=\"padding-bottom:85.666666666667%;\"><img decoding=\"async\" id=\"envira-gallery-image-189\" class=\"envira-gallery-image envira-gallery-image-4\" data-envira-index=\"4\" src=\"https:\/\/www.balkanmak.com\/wp-content\/uploads\/2025\/10\/uclar_grup-1.jpg\" data-envira-src=\"https:\/\/www.balkanmak.com\/wp-content\/uploads\/2025\/10\/uclar_grup-1.jpg\" data-envira-gallery-id=\"185\" data-envira-item-id=\"189\" data-envira-caption=\"uclar_grup (1)\" alt=\"\" title=\"uclar_grup (1)\"  itemprop=\"thumbnailUrl\" data-envira-srcset=\"https:\/\/www.balkanmak.com\/wp-content\/uploads\/2025\/10\/uclar_grup-1.jpg 400w,https:\/\/www.balkanmak.com\/wp-content\/uploads\/2025\/10\/uclar_grup-1.jpg 2x\" srcset=\"data:image\/gif;base64,R0lGODlhAQABAIAAAP\/\/\/\/\/\/\/yH5BAEKAAEALAAAAAABAAEAAAICTAEAOw==\" \/><\/div><\/a><\/div><\/div><div id=\"envira-gallery-item-190\" class=\"envira-gallery-item enviratope-item envira-gallery-item-5 envira-lazy-load\" style=\"padding-left: 5px; padding-bottom: 10px; padding-right: 5px;\"  itemscope itemtype=\"https:\/\/schema.org\/ImageObject\"><div class=\"envira-gallery-item-inner\"><div class=\"envira-gallery-position-overlay  envira-gallery-top-left\"><\/div><div class=\"envira-gallery-position-overlay  envira-gallery-top-right\"><\/div><div class=\"envira-gallery-position-overlay  envira-gallery-bottom-left\"><\/div><div class=\"envira-gallery-position-overlay  envira-gallery-bottom-right\"><\/div><a href=\"https:\/\/www.balkanmak.com\/wp-content\/uploads\/2025\/10\/unnamed.jpg\" class=\"envira-gallery-185 envira-gallery-link\" rel=\"enviragallery185\" title=\"unnamed\" data-envira-caption=\"unnamed\" data-envira-retina=\"\" data-thumbnail=\"\"  itemprop=\"contentUrl\"><div class=\"envira-lazy\" data-test-width=\"300\" data-test-height=\"164\" style=\"padding-bottom:54.666666666667%;\"><img decoding=\"async\" id=\"envira-gallery-image-190\" class=\"envira-gallery-image envira-gallery-image-5\" data-envira-index=\"5\" src=\"https:\/\/www.balkanmak.com\/wp-content\/uploads\/2025\/10\/unnamed.jpg\" data-envira-src=\"https:\/\/www.balkanmak.com\/wp-content\/uploads\/2025\/10\/unnamed.jpg\" data-envira-gallery-id=\"185\" data-envira-item-id=\"190\" data-envira-caption=\"unnamed\" alt=\"\" title=\"unnamed\"  itemprop=\"thumbnailUrl\" data-envira-srcset=\"https:\/\/www.balkanmak.com\/wp-content\/uploads\/2025\/10\/unnamed.jpg 400w,https:\/\/www.balkanmak.com\/wp-content\/uploads\/2025\/10\/unnamed.jpg 2x\" srcset=\"data:image\/gif;base64,R0lGODlhAQABAIAAAP\/\/\/\/\/\/\/yH5BAEKAAEALAAAAAABAAEAAAICTAEAOw==\" \/><\/div><\/a><\/div><\/div><\/div><\/div><noscript><img decoding=\"async\" src=\"https:\/\/www.balkanmak.com\/wp-content\/uploads\/2025\/10\/49896377_229512147976535_1708976656833576960_n.jpg\" alt=\"\" \/><img decoding=\"async\" src=\"https:\/\/www.balkanmak.com\/wp-content\/uploads\/2025\/10\/471162588_1675501493377586_2715634294929292273_n.jpg\" alt=\"\" \/><img decoding=\"async\" src=\"https:\/\/www.balkanmak.com\/wp-content\/uploads\/2025\/10\/IMG-20250912-WA0011.jpg\" alt=\"\" \/><img decoding=\"async\" src=\"https:\/\/www.balkanmak.com\/wp-content\/uploads\/2025\/10\/uclar_grup-1.jpg\" alt=\"\" \/><img decoding=\"async\" src=\"https:\/\/www.balkanmak.com\/wp-content\/uploads\/2025\/10\/unnamed.jpg\" alt=\"\" \/><\/noscript><\/div>\n\t\t\t\t\t\t<\/div>\n\t\t\t\t<\/div>\n\t\t\t\t\t<\/div>\n\t\t\t\t<\/div>\n\t\t\t\t<\/div>","protected":false},"excerpt":{"rendered":"<p>K\u0131r\u0131c\u0131 U\u00e7lar K\u0131r\u0131c\u0131 U\u00e7lar \u2013 Dayan\u0131kl\u0131l\u0131k ve Verimlilik \u0130\u00e7in Do\u011fru Se\u00e7im \u0130n\u015faat, madencilik ve yol yap\u0131m\u0131 gibi zorlu alanlarda kullan\u0131lan\u00a0k\u0131r\u0131c\u0131 u\u00e7lar, i\u015f makinelerinin performans\u0131n\u0131 do\u011frudan etkileyen en \u00f6nemli yedek par\u00e7alardan biridir. Beton, asfalt, kaya ve sert zeminlerde y\u00fcksek darbe g\u00fcc\u00fcyle \u00e7al\u0131\u015fan bu u\u00e7lar, dayan\u0131kl\u0131 \u00e7elik malzemeden \u00fcretilerek uzun \u00f6m\u00fcrl\u00fc kullan\u0131m sa\u011flar. K\u0131r\u0131c\u0131 u\u00e7lar\u0131n avantajlar\u0131: Y\u00fcksek&#8230;<\/p>","protected":false},"author":1,"featured_media":0,"parent":0,"menu_order":0,"comment_status":"closed","ping_status":"closed","template":"","meta":{"_kad_post_transparent":"default","_kad_post_title":"hide","_kad_post_layout":"fullwidth","_kad_post_sidebar_id":"","_kad_post_content_style":"unboxed","_kad_post_vertical_padding":"hide","_kad_post_feature":"hide","_kad_post_feature_position":"","_kad_post_header":false,"_kad_post_footer":false,"_kad_post_classname":"","footnotes":""},"class_list":["post-183","page","type-page","status-publish","hentry"],"_links":{"self":[{"href":"https:\/\/www.balkanmak.com\/en\/wp-json\/wp\/v2\/pages\/183","targetHints":{"allow":["GET"]}}],"collection":[{"href":"https:\/\/www.balkanmak.com\/en\/wp-json\/wp\/v2\/pages"}],"about":[{"href":"https:\/\/www.balkanmak.com\/en\/wp-json\/wp\/v2\/types\/page"}],"author":[{"embeddable":true,"href":"https:\/\/www.balkanmak.com\/en\/wp-json\/wp\/v2\/users\/1"}],"replies":[{"embeddable":true,"href":"https:\/\/www.balkanmak.com\/en\/wp-json\/wp\/v2\/comments?post=183"}],"version-history":[{"count":7,"href":"https:\/\/www.balkanmak.com\/en\/wp-json\/wp\/v2\/pages\/183\/revisions"}],"predecessor-version":[{"id":203,"href":"https:\/\/www.balkanmak.com\/en\/wp-json\/wp\/v2\/pages\/183\/revisions\/203"}],"wp:attachment":[{"href":"https:\/\/www.balkanmak.com\/en\/wp-json\/wp\/v2\/media?parent=183"}],"curies":[{"name":"wp","href":"https:\/\/api.w.org\/{rel}","templated":true}]}}