{"id":175,"date":"2025-10-24T15:08:03","date_gmt":"2025-10-24T15:08:03","guid":{"rendered":"https:\/\/www.balkanmak.com\/?page_id=175"},"modified":"2025-10-24T15:31:04","modified_gmt":"2025-10-24T15:31:04","slug":"tirnak-pimleri-ve-segmanlar","status":"publish","type":"page","link":"https:\/\/www.balkanmak.com\/en\/tirnak-pimleri-ve-segmanlar\/","title":{"rendered":"Tab Pins and Snap Rings"},"content":{"rendered":"<div data-elementor-type=\"wp-page\" data-elementor-id=\"175\" class=\"elementor elementor-175\">\n\t\t\t\t<div class=\"elementor-element elementor-element-913e47c e-flex e-con-boxed e-con e-parent\" data-id=\"913e47c\" data-element_type=\"container\" data-e-type=\"container\" data-settings=\"{&quot;background_background&quot;:&quot;classic&quot;}\">\n\t\t\t\t\t<div class=\"e-con-inner\">\n\t\t\t\t\t<\/div>\n\t\t\t\t<\/div>\n\t\t<div class=\"elementor-element elementor-element-bfe2bcb e-flex e-con-boxed e-con e-parent\" data-id=\"bfe2bcb\" data-element_type=\"container\" data-e-type=\"container\">\n\t\t\t\t\t<div class=\"e-con-inner\">\n\t\t\t\t<div class=\"elementor-element elementor-element-f52e4ae elementor-widget elementor-widget-heading\" data-id=\"f52e4ae\" data-element_type=\"widget\" data-e-type=\"widget\" data-widget_type=\"heading.default\">\n\t\t\t\t\t<h2 class=\"elementor-heading-title elementor-size-default\">Tab Pins and Snap Rings<\/h2>\t\t\t\t<\/div>\n\t\t\t\t<div class=\"elementor-element elementor-element-20e1c1e elementor-widget elementor-widget-text-editor\" data-id=\"20e1c1e\" data-element_type=\"widget\" data-e-type=\"widget\" data-widget_type=\"text-editor.default\">\n\t\t\t\t\t\t\t\t\t<p data-start=\"165\" data-end=\"540\" class=\"translation-block\"><strong data-start=\"165\" data-end=\"183\">Balkan Makina<\/strong> offers <strong data-start=\"260\" data-end=\"291\">claw pins and circlips<\/strong>, which are one of the critical components for construction machinery lugs, with high quality and a wide range of models.<\/p><p data-start=\"542\" data-end=\"804\">These parts are vital to operator efficiency and safety in construction equipment buckets, dozers, graders, and other heavy equipment. Without the proper tooth pin or retaining ring, equipment performance will suffer and wear will occur much more quickly.<\/p><p data-start=\"806\" data-end=\"839\">Key features and benefits:<\/p><ul data-start=\"841\" data-end=\"1299\"><li data-start=\"841\" data-end=\"994\"><p data-start=\"843\" data-end=\"994\" class=\"translation-block\"><strong data-start=\"843\" data-end=\"870\">Wide model compatibility:<\/strong> Options suitable for different machine types with SCF codes and specific brand references.<\/p><\/li><li data-start=\"995\" data-end=\"1110\"><p data-start=\"997\" data-end=\"1110\" class=\"translation-block\"><strong data-start=\"997\" data-end=\"1030\">Spare parts quality guarantee:<\/strong> Parts processed in accordance with manufacturer standards, durable and long-lasting use.<\/p><\/li><li data-start=\"1111\" data-end=\"1299\"><p data-start=\"1113\" data-end=\"1299\" class=\"translation-block\"><strong data-start=\"1113\" data-end=\"1146\">Easy access &amp; technical support:<\/strong> Parts can be easily identified with detailed reference numbers. Offers can be received upon request.<\/p><\/li><\/ul>\t\t\t\t\t\t\t\t<\/div>\n\t\t\t\t\t<\/div>\n\t\t\t\t<\/div>\n\t\t<div class=\"elementor-element elementor-element-4fb3ffe e-flex e-con-boxed e-con e-parent\" data-id=\"4fb3ffe\" data-element_type=\"container\" data-e-type=\"container\">\n\t\t\t\t\t<div class=\"e-con-inner\">\n\t\t<div class=\"elementor-element elementor-element-e722971 e-con-full e-flex e-con e-child\" data-id=\"e722971\" data-element_type=\"container\" data-e-type=\"container\">\n\t\t\t\t<div class=\"elementor-element elementor-element-a961d41 elementor-widget elementor-widget-image\" data-id=\"a961d41\" data-element_type=\"widget\" data-e-type=\"widget\" data-widget_type=\"image.default\">\n\t\t\t\t\t\t\t\t\t\t\t\t\t\t\t<img fetchpriority=\"high\" decoding=\"async\" width=\"500\" height=\"392\" src=\"https:\/\/www.balkanmak.com\/wp-content\/uploads\/2025\/10\/p1dt1uhaqq1sst142q1kftjal1e8aa-1.jpg\" class=\"attachment-large size-large wp-image-179\" alt=\"\" srcset=\"https:\/\/www.balkanmak.com\/wp-content\/uploads\/2025\/10\/p1dt1uhaqq1sst142q1kftjal1e8aa-1.jpg 500w, https:\/\/www.balkanmak.com\/wp-content\/uploads\/2025\/10\/p1dt1uhaqq1sst142q1kftjal1e8aa-1-300x235.jpg 300w\" sizes=\"(max-width: 500px) 100vw, 500px\" \/>\t\t\t\t\t\t\t\t\t\t\t\t\t\t\t<\/div>\n\t\t\t\t<\/div>\n\t\t<div class=\"elementor-element elementor-element-06f92e4 e-con-full e-flex e-con e-child\" data-id=\"06f92e4\" data-element_type=\"container\" data-e-type=\"container\">\n\t\t\t\t<div class=\"elementor-element elementor-element-b637d0e elementor-widget elementor-widget-image\" data-id=\"b637d0e\" data-element_type=\"widget\" data-e-type=\"widget\" data-widget_type=\"image.default\">\n\t\t\t\t\t\t\t\t\t\t\t\t\t\t\t<img decoding=\"async\" width=\"790\" height=\"592\" src=\"https:\/\/www.balkanmak.com\/wp-content\/uploads\/2025\/10\/c9324a20-7679-4509-963d-ab635966aad0.jpg\" class=\"attachment-large size-large wp-image-177\" alt=\"\" srcset=\"https:\/\/www.balkanmak.com\/wp-content\/uploads\/2025\/10\/c9324a20-7679-4509-963d-ab635966aad0.jpg 790w, https:\/\/www.balkanmak.com\/wp-content\/uploads\/2025\/10\/c9324a20-7679-4509-963d-ab635966aad0-300x225.jpg 300w, https:\/\/www.balkanmak.com\/wp-content\/uploads\/2025\/10\/c9324a20-7679-4509-963d-ab635966aad0-768x576.jpg 768w\" sizes=\"(max-width: 790px) 100vw, 790px\" \/>\t\t\t\t\t\t\t\t\t\t\t\t\t\t\t<\/div>\n\t\t\t\t<\/div>\n\t\t<div class=\"elementor-element elementor-element-6985c98 e-con-full e-flex e-con e-child\" data-id=\"6985c98\" data-element_type=\"container\" data-e-type=\"container\">\n\t\t\t\t<div class=\"elementor-element elementor-element-209f81c elementor-widget elementor-widget-image\" data-id=\"209f81c\" data-element_type=\"widget\" data-e-type=\"widget\" data-widget_type=\"image.default\">\n\t\t\t\t\t\t\t\t\t\t\t\t\t\t\t<img decoding=\"async\" width=\"500\" height=\"547\" src=\"https:\/\/www.balkanmak.com\/wp-content\/uploads\/2025\/10\/IMG-20250912-WA0006.jpg\" class=\"attachment-large size-large wp-image-178\" alt=\"\" srcset=\"https:\/\/www.balkanmak.com\/wp-content\/uploads\/2025\/10\/IMG-20250912-WA0006.jpg 500w, https:\/\/www.balkanmak.com\/wp-content\/uploads\/2025\/10\/IMG-20250912-WA0006-274x300.jpg 274w\" sizes=\"(max-width: 500px) 100vw, 500px\" \/>\t\t\t\t\t\t\t\t\t\t\t\t\t\t\t<\/div>\n\t\t\t\t<\/div>\n\t\t\t\t\t<\/div>\n\t\t\t\t<\/div>\n\t\t\t\t<\/div>","protected":false},"excerpt":{"rendered":"<p>T\u0131rnak Pimleri ve Segmanlar Balkan Makina, i\u015f makineleri kulak\u00e7\u0131klar\u0131 i\u00e7in kritik \u00f6neme sahip bile\u015fenlerden biri olan\u00a0t\u0131rnak pimi ve segmanlar\u0131n\u0131\u00a0y\u00fcksek kalite ve geni\u015f model \u00e7e\u015fitlili\u011fi ile sunmaktad\u0131r. Bu par\u00e7alar, i\u015f makinelerinin kep\u00e7elerinin, dozerlerin, greyderlerin ve di\u011fer a\u011f\u0131r ekipmanlar\u0131n\u0131n operat\u00f6r verimlili\u011fi ve g\u00fcvenli\u011fi a\u00e7\u0131s\u0131ndan hayati \u00f6nem ta\u015f\u0131r. Uygun t\u0131rnak pimi ya da segman olmadan, cihaz performans\u0131 d\u00fc\u015fer&#8230;<\/p>","protected":false},"author":1,"featured_media":0,"parent":0,"menu_order":0,"comment_status":"closed","ping_status":"closed","template":"","meta":{"_kad_post_transparent":"default","_kad_post_title":"hide","_kad_post_layout":"fullwidth","_kad_post_sidebar_id":"","_kad_post_content_style":"unboxed","_kad_post_vertical_padding":"hide","_kad_post_feature":"hide","_kad_post_feature_position":"","_kad_post_header":false,"_kad_post_footer":false,"_kad_post_classname":"","footnotes":""},"class_list":["post-175","page","type-page","status-publish","hentry"],"_links":{"self":[{"href":"https:\/\/www.balkanmak.com\/en\/wp-json\/wp\/v2\/pages\/175","targetHints":{"allow":["GET"]}}],"collection":[{"href":"https:\/\/www.balkanmak.com\/en\/wp-json\/wp\/v2\/pages"}],"about":[{"href":"https:\/\/www.balkanmak.com\/en\/wp-json\/wp\/v2\/types\/page"}],"author":[{"embeddable":true,"href":"https:\/\/www.balkanmak.com\/en\/wp-json\/wp\/v2\/users\/1"}],"replies":[{"embeddable":true,"href":"https:\/\/www.balkanmak.com\/en\/wp-json\/wp\/v2\/comments?post=175"}],"version-history":[{"count":7,"href":"https:\/\/www.balkanmak.com\/en\/wp-json\/wp\/v2\/pages\/175\/revisions"}],"predecessor-version":[{"id":206,"href":"https:\/\/www.balkanmak.com\/en\/wp-json\/wp\/v2\/pages\/175\/revisions\/206"}],"wp:attachment":[{"href":"https:\/\/www.balkanmak.com\/en\/wp-json\/wp\/v2\/media?parent=175"}],"curies":[{"name":"wp","href":"https:\/\/api.w.org\/{rel}","templated":true}]}}