{"id":115,"date":"2025-10-22T15:26:34","date_gmt":"2025-10-22T15:26:34","guid":{"rendered":"https:\/\/www.balkanmak.com\/?page_id=115"},"modified":"2025-10-24T15:32:28","modified_gmt":"2025-10-24T15:32:28","slug":"hakkimizda","status":"publish","type":"page","link":"https:\/\/www.balkanmak.com\/en\/hakkimizda\/","title":{"rendered":"About Us"},"content":{"rendered":"<div data-elementor-type=\"wp-page\" data-elementor-id=\"115\" class=\"elementor elementor-115\">\n\t\t\t\t<div class=\"elementor-element elementor-element-913e47c e-flex e-con-boxed e-con e-parent\" data-id=\"913e47c\" data-element_type=\"container\" data-e-type=\"container\" data-settings=\"{&quot;background_background&quot;:&quot;classic&quot;}\">\n\t\t\t\t\t<div class=\"e-con-inner\">\n\t\t\t\t\t<\/div>\n\t\t\t\t<\/div>\n\t\t<div class=\"elementor-element elementor-element-4fc8511 e-flex e-con-boxed e-con e-parent\" data-id=\"4fc8511\" data-element_type=\"container\" data-e-type=\"container\">\n\t\t\t\t\t<div class=\"e-con-inner\">\n\t\t<div class=\"elementor-element elementor-element-5a2f73d e-con-full e-flex e-con e-child\" data-id=\"5a2f73d\" data-element_type=\"container\" data-e-type=\"container\">\n\t\t\t\t<div class=\"elementor-element elementor-element-94e45f9 elementor-widget elementor-widget-image\" data-id=\"94e45f9\" data-element_type=\"widget\" data-e-type=\"widget\" data-widget_type=\"image.default\">\n\t\t\t\t\t\t\t\t\t\t\t\t\t\t\t<img fetchpriority=\"high\" decoding=\"async\" width=\"680\" height=\"1024\" src=\"https:\/\/www.balkanmak.com\/wp-content\/uploads\/2025\/10\/Balkan-makina_factory-680x1024.jpg\" class=\"attachment-large size-large wp-image-121\" alt=\"\" srcset=\"https:\/\/www.balkanmak.com\/wp-content\/uploads\/2025\/10\/Balkan-makina_factory-680x1024.jpg 680w, https:\/\/www.balkanmak.com\/wp-content\/uploads\/2025\/10\/Balkan-makina_factory-199x300.jpg 199w, https:\/\/www.balkanmak.com\/wp-content\/uploads\/2025\/10\/Balkan-makina_factory-768x1156.jpg 768w, https:\/\/www.balkanmak.com\/wp-content\/uploads\/2025\/10\/Balkan-makina_factory-1020x1536.jpg 1020w, https:\/\/www.balkanmak.com\/wp-content\/uploads\/2025\/10\/Balkan-makina_factory.jpg 1123w\" sizes=\"(max-width: 680px) 100vw, 680px\" \/>\t\t\t\t\t\t\t\t\t\t\t\t\t\t\t<\/div>\n\t\t\t\t<\/div>\n\t\t<div class=\"elementor-element elementor-element-1da881c e-con-full e-flex e-con e-child\" data-id=\"1da881c\" data-element_type=\"container\" data-e-type=\"container\">\n\t\t\t\t<div class=\"elementor-element elementor-element-f994752 elementor-widget elementor-widget-heading\" data-id=\"f994752\" data-element_type=\"widget\" data-e-type=\"widget\" data-widget_type=\"heading.default\">\n\t\t\t\t\t<h2 class=\"elementor-heading-title elementor-size-default\">About Us<\/h2>\t\t\t\t<\/div>\n\t\t\t\t<div class=\"elementor-element elementor-element-b90f04d elementor-widget elementor-widget-text-editor\" data-id=\"b90f04d\" data-element_type=\"widget\" data-e-type=\"widget\" data-widget_type=\"text-editor.default\">\n\t\t\t\t\t\t\t\t\t<p>Balkan Makina has undertaken and continues to undertake important projects both in Izmir and abroad, thanks to the successful productions it has carried out since its establishment.<\/p><p>Balkan Makina, which extends its domestic success internationally, contributes foreign currency to the national economy by responding with equal sensitivity to demands from various countries. Balkan Makina proudly represents its country and sector in the international arena of the sector.<\/p><p>To achieve this success, it has made the necessary technological investments, established an expert team and thus served serious brands with all its knowledge.<\/p><p>Our sole purpose is to provide permanent and perfect service to the demands of the sector, in this journey we have embarked on together with our solution partners with whom we have established close contact.<\/p>\t\t\t\t\t\t\t\t<\/div>\n\t\t\t\t<\/div>\n\t\t\t\t\t<\/div>\n\t\t\t\t<\/div>\n\t\t\t\t<\/div>","protected":false},"excerpt":{"rendered":"<p>Hakk\u0131m\u0131zda Balkan Makina, kurulu\u015fundan bu yana ba\u015far\u0131 ile ger\u00e7ekle\u015ftirdi\u011fi imalatlar\u0131 sayesinde gerek \u0130zmir i\u00e7i gerekse yurt baz\u0131nda \u00f6nemli i\u015flere imza atm\u0131\u015f ve atmaya devam etmektedir. Yurt genelindeki ba\u015far\u0131s\u0131n\u0131 yurt d\u0131\u015f\u0131na da yayan Balkan Makina, farkl\u0131 \u00fclkelerden gelen taleplere de ayn\u0131 hassasiyetle cevap vererek \u00fclke ekonomisine d\u00f6viz katk\u0131s\u0131 sa\u011flamaktad\u0131r. Balkan Makina sekt\u00f6r\u00fcn yurt d\u0131\u015f\u0131 aya\u011f\u0131nda da&#8230;<\/p>","protected":false},"author":1,"featured_media":0,"parent":0,"menu_order":0,"comment_status":"closed","ping_status":"closed","template":"","meta":{"_kad_post_transparent":"default","_kad_post_title":"hide","_kad_post_layout":"fullwidth","_kad_post_sidebar_id":"","_kad_post_content_style":"unboxed","_kad_post_vertical_padding":"hide","_kad_post_feature":"hide","_kad_post_feature_position":"","_kad_post_header":false,"_kad_post_footer":false,"_kad_post_classname":"","footnotes":""},"class_list":["post-115","page","type-page","status-publish","hentry"],"_links":{"self":[{"href":"https:\/\/www.balkanmak.com\/en\/wp-json\/wp\/v2\/pages\/115","targetHints":{"allow":["GET"]}}],"collection":[{"href":"https:\/\/www.balkanmak.com\/en\/wp-json\/wp\/v2\/pages"}],"about":[{"href":"https:\/\/www.balkanmak.com\/en\/wp-json\/wp\/v2\/types\/page"}],"author":[{"embeddable":true,"href":"https:\/\/www.balkanmak.com\/en\/wp-json\/wp\/v2\/users\/1"}],"replies":[{"embeddable":true,"href":"https:\/\/www.balkanmak.com\/en\/wp-json\/wp\/v2\/comments?post=115"}],"version-history":[{"count":19,"href":"https:\/\/www.balkanmak.com\/en\/wp-json\/wp\/v2\/pages\/115\/revisions"}],"predecessor-version":[{"id":212,"href":"https:\/\/www.balkanmak.com\/en\/wp-json\/wp\/v2\/pages\/115\/revisions\/212"}],"wp:attachment":[{"href":"https:\/\/www.balkanmak.com\/en\/wp-json\/wp\/v2\/media?parent=115"}],"curies":[{"name":"wp","href":"https:\/\/api.w.org\/{rel}","templated":true}]}}